{"id":57,"date":"2025-08-21T13:23:59","date_gmt":"2025-08-21T13:23:59","guid":{"rendered":"https:\/\/aritual.fr\/?page_id=57"},"modified":"2025-11-09T18:41:12","modified_gmt":"2025-11-09T18:41:12","slug":"contacts","status":"publish","type":"page","link":"https:\/\/aritual.fr\/en\/contacts\/","title":{"rendered":"Contacts"},"content":{"rendered":"<div data-elementor-type=\"wp-page\" data-elementor-id=\"57\" class=\"elementor elementor-57\" data-elementor-post-type=\"page\">\n\t\t\t\t<div class=\"elementor-element elementor-element-c574589 e-flex e-con-boxed wpr-particle-no wpr-jarallax-no wpr-parallax-no wpr-sticky-section-no wpr-equal-height-no e-con e-parent\" data-id=\"c574589\" data-element_type=\"container\" data-e-type=\"container\" data-settings=\"{&quot;background_background&quot;:&quot;classic&quot;}\">\n\t\t\t\t\t<div class=\"e-con-inner\">\n\t\t\t\t<div class=\"elementor-element elementor-element-31c3c7e elementor-widget elementor-widget-spacer\" data-id=\"31c3c7e\" data-element_type=\"widget\" data-e-type=\"widget\" data-widget_type=\"spacer.default\">\n\t\t\t\t\t\t\t<div class=\"elementor-spacer\">\n\t\t\t<div class=\"elementor-spacer-inner\"><\/div>\n\t\t<\/div>\n\t\t\t\t\t\t<\/div>\n\t\t\t\t<div class=\"elementor-element elementor-element-595d9d5 elementor-widget elementor-widget-heading\" data-id=\"595d9d5\" data-element_type=\"widget\" data-e-type=\"widget\" data-widget_type=\"heading.default\">\n\t\t\t\t\t<h2 class=\"elementor-heading-title elementor-size-default\">CONTACTEZ-NOUS !<\/h2>\t\t\t\t<\/div>\n\t\t\t\t<div class=\"elementor-element elementor-element-63499a1 elementor-widget elementor-widget-spacer\" data-id=\"63499a1\" data-element_type=\"widget\" data-e-type=\"widget\" data-widget_type=\"spacer.default\">\n\t\t\t\t\t\t\t<div class=\"elementor-spacer\">\n\t\t\t<div class=\"elementor-spacer-inner\"><\/div>\n\t\t<\/div>\n\t\t\t\t\t\t<\/div>\n\t\t<div class=\"elementor-element elementor-element-2329723 e-con-full e-flex wpr-particle-no wpr-jarallax-no wpr-parallax-no wpr-sticky-section-no wpr-equal-height-no e-con e-child\" data-id=\"2329723\" data-element_type=\"container\" data-e-type=\"container\">\n\t\t<div class=\"elementor-element elementor-element-8b1dfd9 e-con-full e-flex wpr-particle-no wpr-jarallax-no wpr-parallax-no wpr-sticky-section-no wpr-equal-height-no e-con e-child\" data-id=\"8b1dfd9\" data-element_type=\"container\" data-e-type=\"container\" data-settings=\"{&quot;background_background&quot;:&quot;classic&quot;}\">\n\t\t\t\t<div class=\"elementor-element elementor-element-13aa2d3 elementor-widget elementor-widget-image\" data-id=\"13aa2d3\" data-element_type=\"widget\" data-e-type=\"widget\" data-widget_type=\"image.default\">\n\t\t\t\t\t\t\t\t\t\t\t\t\t\t\t<img fetchpriority=\"high\" decoding=\"async\" width=\"640\" height=\"736\" src=\"https:\/\/aritual.fr\/wp-content\/uploads\/2025\/08\/O.png\" class=\"attachment-large size-large wp-image-732\" alt=\"Atelier cr\u00e9atif et bien-\u00eatre Aritual \u2013 Art, relaxation et reconnexion \u00e0 soi sur la C\u00f4te d\u2019Azur\" srcset=\"https:\/\/aritual.fr\/wp-content\/uploads\/2025\/08\/O.png 640w, https:\/\/aritual.fr\/wp-content\/uploads\/2025\/08\/O-261x300.png 261w\" sizes=\"(max-width: 640px) 100vw, 640px\" \/>\t\t\t\t\t\t\t\t\t\t\t\t\t\t\t<\/div>\n\t\t\t\t<\/div>\n\t\t<div class=\"elementor-element elementor-element-c9a0dec e-con-full e-flex wpr-particle-no wpr-jarallax-no wpr-parallax-no wpr-sticky-section-no wpr-equal-height-no e-con e-child\" data-id=\"c9a0dec\" data-element_type=\"container\" data-e-type=\"container\">\n\t\t\t\t<div class=\"elementor-element elementor-element-ff3ae77 elementor-widget elementor-widget-text-editor\" data-id=\"ff3ae77\" data-element_type=\"widget\" data-e-type=\"widget\" data-widget_type=\"text-editor.default\">\n\t\t\t\t\t\t\t\t\t<p><span style=\"white-space-collapse: preserve; font-weight: bold;\">Une question ? Une envie de cr\u00e9er ensemble ?<\/span><span style=\"white-space-collapse: preserve;\">\u2028Que ce soit pour une session, une collaboration ou juste un mot doux : Ornella de Aritual est \u00e0 l\u2019\u00e9coute.<\/span><\/p>\t\t\t\t\t\t\t\t<\/div>\n\t\t<div class=\"elementor-element elementor-element-bccf204 e-con-full e-flex wpr-particle-no wpr-jarallax-no wpr-parallax-no wpr-sticky-section-no wpr-equal-height-no e-con e-child\" data-id=\"bccf204\" data-element_type=\"container\" data-e-type=\"container\">\n\t\t<div class=\"elementor-element elementor-element-a7c6b5d e-con-full e-flex wpr-particle-no wpr-jarallax-no wpr-parallax-no wpr-sticky-section-no wpr-equal-height-no e-con e-child\" data-id=\"a7c6b5d\" data-element_type=\"container\" data-e-type=\"container\">\n\t\t\t\t<div class=\"elementor-element elementor-element-b4ff061 elementor-icon-list--layout-traditional elementor-list-item-link-full_width elementor-widget elementor-widget-icon-list\" data-id=\"b4ff061\" data-element_type=\"widget\" data-e-type=\"widget\" data-widget_type=\"icon-list.default\">\n\t\t\t\t\t\t\t<ul class=\"elementor-icon-list-items\">\n\t\t\t\t\t\t\t<li class=\"elementor-icon-list-item\">\n\t\t\t\t\t\t\t\t\t\t<span class=\"elementor-icon-list-text\">E-mail :<\/span>\n\t\t\t\t\t\t\t\t\t<\/li>\n\t\t\t\t\t\t\t\t<li class=\"elementor-icon-list-item\">\n\t\t\t\t\t\t\t\t\t\t<span class=\"elementor-icon-list-text\">Instagram :<\/span>\n\t\t\t\t\t\t\t\t\t<\/li>\n\t\t\t\t\t\t\t\t<li class=\"elementor-icon-list-item\">\n\t\t\t\t\t\t\t\t\t\t<span class=\"elementor-icon-list-text\">WhatsApp :<\/span>\n\t\t\t\t\t\t\t\t\t<\/li>\n\t\t\t\t\t\t<\/ul>\n\t\t\t\t\t\t<\/div>\n\t\t\t\t<div class=\"elementor-element elementor-element-f1501c1 elementor-icon-list--layout-traditional elementor-list-item-link-full_width elementor-widget elementor-widget-icon-list\" data-id=\"f1501c1\" data-element_type=\"widget\" data-e-type=\"widget\" data-widget_type=\"icon-list.default\">\n\t\t\t\t\t\t\t<ul class=\"elementor-icon-list-items\">\n\t\t\t\t\t\t\t<li class=\"elementor-icon-list-item\">\n\t\t\t\t\t\t\t\t\t\t<span class=\"elementor-icon-list-text\">Adresse :<\/span>\n\t\t\t\t\t\t\t\t\t<\/li>\n\t\t\t\t\t\t<\/ul>\n\t\t\t\t\t\t<\/div>\n\t\t\t\t<\/div>\n\t\t<div class=\"elementor-element elementor-element-e0a02a1 e-con-full e-flex wpr-particle-no wpr-jarallax-no wpr-parallax-no wpr-sticky-section-no wpr-equal-height-no e-con e-child\" data-id=\"e0a02a1\" data-element_type=\"container\" data-e-type=\"container\">\n\t\t\t\t<div class=\"elementor-element elementor-element-586ac23 elementor-icon-list--layout-traditional elementor-list-item-link-full_width elementor-widget elementor-widget-icon-list\" data-id=\"586ac23\" data-element_type=\"widget\" data-e-type=\"widget\" data-widget_type=\"icon-list.default\">\n\t\t\t\t\t\t\t<ul class=\"elementor-icon-list-items\">\n\t\t\t\t\t\t\t<li class=\"elementor-icon-list-item\">\n\t\t\t\t\t\t\t\t\t\t<span class=\"elementor-icon-list-text\">hello@aritual.fr<\/span>\n\t\t\t\t\t\t\t\t\t<\/li>\n\t\t\t\t\t\t\t\t<li class=\"elementor-icon-list-item\">\n\t\t\t\t\t\t\t\t\t\t<span class=\"elementor-icon-list-text\">@aritual_<\/span>\n\t\t\t\t\t\t\t\t\t<\/li>\n\t\t\t\t\t\t\t\t<li class=\"elementor-icon-list-item\">\n\t\t\t\t\t\t\t\t\t\t<span class=\"elementor-icon-list-text\"> +33 6 58 30 77 82<\/span>\n\t\t\t\t\t\t\t\t\t<\/li>\n\t\t\t\t\t\t<\/ul>\n\t\t\t\t\t\t<\/div>\n\t\t\t\t<div class=\"elementor-element elementor-element-c77c1cf elementor-icon-list--layout-traditional elementor-list-item-link-full_width elementor-widget elementor-widget-icon-list\" data-id=\"c77c1cf\" data-element_type=\"widget\" data-e-type=\"widget\" data-widget_type=\"icon-list.default\">\n\t\t\t\t\t\t\t<ul class=\"elementor-icon-list-items\">\n\t\t\t\t\t\t\t<li class=\"elementor-icon-list-item\">\n\t\t\t\t\t\t\t\t\t\t<span class=\"elementor-icon-list-text\">Les prochaines sessions Aritual ont lieu au restaurant Marius, sur le Port Hercule \u00e0 Monaco. Des lieux partenaires en itin\u00e9rance sont aussi propos\u00e9s tout au long de l\u2019ann\u00e9e. \u2028\u2028<br><br>Les adresses des ateliers changent souvent afin de cr\u00e9er des moments de d\u00e9tente uniques.<\/span>\n\t\t\t\t\t\t\t\t\t<\/li>\n\t\t\t\t\t\t<\/ul>\n\t\t\t\t\t\t<\/div>\n\t\t\t\t<\/div>\n\t\t\t\t<\/div>\n\t\t\t\t<\/div>\n\t\t\t\t<\/div>\n\t\t<div class=\"elementor-element elementor-element-fe767da e-con-full e-flex wpr-particle-no wpr-jarallax-no wpr-parallax-no wpr-sticky-section-no wpr-equal-height-no e-con e-child\" data-id=\"fe767da\" data-element_type=\"container\" data-e-type=\"container\">\n\t\t\t\t<div class=\"elementor-element elementor-element-f6b470f elementor-widget elementor-widget-spacer\" data-id=\"f6b470f\" data-element_type=\"widget\" data-e-type=\"widget\" data-widget_type=\"spacer.default\">\n\t\t\t\t\t\t\t<div class=\"elementor-spacer\">\n\t\t\t<div class=\"elementor-spacer-inner\"><\/div>\n\t\t<\/div>\n\t\t\t\t\t\t<\/div>\n\t\t\t\t<\/div>\n\t\t\t\t\t<\/div>\n\t\t\t\t<\/div>\n\t\t<div class=\"elementor-element elementor-element-eecf363 e-flex e-con-boxed wpr-particle-no wpr-jarallax-no wpr-parallax-no wpr-sticky-section-no wpr-equal-height-no e-con e-parent\" data-id=\"eecf363\" data-element_type=\"container\" data-e-type=\"container\" data-settings=\"{&quot;background_background&quot;:&quot;classic&quot;}\">\n\t\t\t\t\t<div class=\"e-con-inner\">\n\t\t\t\t<div class=\"elementor-element elementor-element-15c77e2 elementor-widget elementor-widget-spacer\" data-id=\"15c77e2\" data-element_type=\"widget\" data-e-type=\"widget\" data-widget_type=\"spacer.default\">\n\t\t\t\t\t\t\t<div class=\"elementor-spacer\">\n\t\t\t<div class=\"elementor-spacer-inner\"><\/div>\n\t\t<\/div>\n\t\t\t\t\t\t<\/div>\n\t\t\t\t<div class=\"elementor-element elementor-element-9dbf92c elementor-widget elementor-widget-heading\" data-id=\"9dbf92c\" data-element_type=\"widget\" data-e-type=\"widget\" data-widget_type=\"heading.default\">\n\t\t\t\t\t<h2 class=\"elementor-heading-title elementor-size-default\">Follow our news on social media!<\/h2>\t\t\t\t<\/div>\n\t\t\t\t<div class=\"elementor-element elementor-element-f179aef elementor-widget elementor-widget-spacer\" data-id=\"f179aef\" data-element_type=\"widget\" data-e-type=\"widget\" data-widget_type=\"spacer.default\">\n\t\t\t\t\t\t\t<div class=\"elementor-spacer\">\n\t\t\t<div class=\"elementor-spacer-inner\"><\/div>\n\t\t<\/div>\n\t\t\t\t\t\t<\/div>\n\t\t<div class=\"elementor-element elementor-element-1edfc6e e-con-full e-flex wpr-particle-no wpr-jarallax-no wpr-parallax-no wpr-sticky-section-no wpr-equal-height-no e-con e-child\" data-id=\"1edfc6e\" data-element_type=\"container\" data-e-type=\"container\">\n\t\t\t\t<div class=\"elementor-element elementor-element-739add3 elementor-widget elementor-widget-shortcode\" data-id=\"739add3\" data-element_type=\"widget\" data-e-type=\"widget\" data-widget_type=\"shortcode.default\">\n\t\t\t\t\t\t\t<div class=\"elementor-shortcode\">[instagram-feed feed=1]<\/div>\n\t\t\t\t\t\t<\/div>\n\t\t\t\t<\/div>\n\t\t\t\t<div class=\"elementor-element elementor-element-77e6203 elementor-widget elementor-widget-spacer\" data-id=\"77e6203\" data-element_type=\"widget\" data-e-type=\"widget\" data-widget_type=\"spacer.default\">\n\t\t\t\t\t\t\t<div class=\"elementor-spacer\">\n\t\t\t<div class=\"elementor-spacer-inner\"><\/div>\n\t\t<\/div>\n\t\t\t\t\t\t<\/div>\n\t\t\t\t\t<\/div>\n\t\t\t\t<\/div>\n\t\t\t\t<\/div>","protected":false},"excerpt":{"rendered":"<p>CONTACTEZ-NOUS ! Une question ? Une envie de cr\u00e9er ensemble ?\u2028Que ce soit pour une session, une collaboration ou juste un mot doux : Ornella de Aritual est \u00e0 l\u2019\u00e9coute. E-mail : Instagram : WhatsApp : Adresse : hello@aritual.fr @aritual_ +33 6 58 30 77 82 Les prochaines sessions Aritual ont lieu au restaurant Marius, sur le Port Hercule \u00e0 Monaco. Des lieux partenaires en itin\u00e9rance sont aussi propos\u00e9s tout au long de l\u2019ann\u00e9e. \u2028\u2028 Les adresses des ateliers changent souvent afin de cr\u00e9er des moments de d\u00e9tente uniques. Suivez nos actualit\u00e9s sur les r\u00e9seaux sociaux\u202f! [instagram-feed feed=1]<\/p>","protected":false},"author":1,"featured_media":0,"parent":0,"menu_order":0,"comment_status":"closed","ping_status":"closed","template":"elementor_header_footer","meta":{"footnotes":""},"class_list":["post-57","page","type-page","status-publish","hentry"],"yoast_head":"<!-- This site is optimized with the Yoast SEO plugin v27.4 - https:\/\/yoast.com\/product\/yoast-seo-wordpress\/ -->\n<title>Contact Aritual \u2013 Ateliers cr\u00e9atifs &amp; bien-\u00eatre sur la C\u00f4te d\u2019Azur<\/title>\n<meta name=\"description\" content=\"Contactez Aritual pour vivre une exp\u00e9rience d\u2019art et de relaxation sur la C\u00f4te d\u2019Azur ou \u00e0 Monaco. Reconnectez-vous \u00e0 vous-m\u00eame.\" \/>\n<meta name=\"robots\" content=\"index, follow, max-snippet:-1, max-image-preview:large, max-video-preview:-1\" \/>\n<link rel=\"canonical\" href=\"https:\/\/aritual.fr\/en\/contacts\/\" \/>\n<meta property=\"og:locale\" content=\"en_US\" \/>\n<meta property=\"og:type\" content=\"article\" \/>\n<meta property=\"og:title\" content=\"Contact Aritual \u2013 Ateliers cr\u00e9atifs &amp; bien-\u00eatre sur la C\u00f4te d\u2019Azur\" \/>\n<meta property=\"og:description\" content=\"Contactez Aritual pour vivre une exp\u00e9rience d\u2019art et de relaxation sur la C\u00f4te d\u2019Azur ou \u00e0 Monaco. Reconnectez-vous \u00e0 vous-m\u00eame.\" \/>\n<meta property=\"og:url\" content=\"https:\/\/aritual.fr\/en\/contacts\/\" \/>\n<meta property=\"og:site_name\" content=\"aritual.fr\" \/>\n<meta property=\"article:modified_time\" content=\"2025-11-09T18:41:12+00:00\" \/>\n<meta property=\"og:image\" content=\"https:\/\/aritual.fr\/wp-content\/uploads\/2025\/08\/O.png\" \/>\n<meta name=\"twitter:card\" content=\"summary_large_image\" \/>\n<meta name=\"twitter:label1\" content=\"Est. reading time\" \/>\n\t<meta name=\"twitter:data1\" content=\"1 minute\" \/>\n<script type=\"application\/ld+json\" class=\"yoast-schema-graph\">{\"@context\":\"https:\\\/\\\/schema.org\",\"@graph\":[{\"@type\":\"WebPage\",\"@id\":\"https:\\\/\\\/aritual.fr\\\/contacts\\\/\",\"url\":\"https:\\\/\\\/aritual.fr\\\/contacts\\\/\",\"name\":\"Contact Aritual \u2013 Ateliers cr\u00e9atifs & bien-\u00eatre sur la C\u00f4te d\u2019Azur\",\"isPartOf\":{\"@id\":\"https:\\\/\\\/aritual.fr\\\/#website\"},\"primaryImageOfPage\":{\"@id\":\"https:\\\/\\\/aritual.fr\\\/contacts\\\/#primaryimage\"},\"image\":{\"@id\":\"https:\\\/\\\/aritual.fr\\\/contacts\\\/#primaryimage\"},\"thumbnailUrl\":\"https:\\\/\\\/aritual.fr\\\/wp-content\\\/uploads\\\/2025\\\/08\\\/O.png\",\"datePublished\":\"2025-08-21T13:23:59+00:00\",\"dateModified\":\"2025-11-09T18:41:12+00:00\",\"description\":\"Contactez Aritual pour vivre une exp\u00e9rience d\u2019art et de relaxation sur la C\u00f4te d\u2019Azur ou \u00e0 Monaco. Reconnectez-vous \u00e0 vous-m\u00eame.\",\"breadcrumb\":{\"@id\":\"https:\\\/\\\/aritual.fr\\\/contacts\\\/#breadcrumb\"},\"inLanguage\":\"en-US\",\"potentialAction\":[{\"@type\":\"ReadAction\",\"target\":[\"https:\\\/\\\/aritual.fr\\\/contacts\\\/\"]}]},{\"@type\":\"ImageObject\",\"inLanguage\":\"en-US\",\"@id\":\"https:\\\/\\\/aritual.fr\\\/contacts\\\/#primaryimage\",\"url\":\"https:\\\/\\\/aritual.fr\\\/wp-content\\\/uploads\\\/2025\\\/08\\\/O.png\",\"contentUrl\":\"https:\\\/\\\/aritual.fr\\\/wp-content\\\/uploads\\\/2025\\\/08\\\/O.png\"},{\"@type\":\"BreadcrumbList\",\"@id\":\"https:\\\/\\\/aritual.fr\\\/contacts\\\/#breadcrumb\",\"itemListElement\":[{\"@type\":\"ListItem\",\"position\":1,\"name\":\"Accueil\",\"item\":\"https:\\\/\\\/aritual.fr\\\/\"},{\"@type\":\"ListItem\",\"position\":2,\"name\":\"Contacts\"}]},{\"@type\":\"WebSite\",\"@id\":\"https:\\\/\\\/aritual.fr\\\/#website\",\"url\":\"https:\\\/\\\/aritual.fr\\\/\",\"name\":\"aritual.fr\",\"description\":\"\",\"publisher\":{\"@id\":\"https:\\\/\\\/aritual.fr\\\/#organization\"},\"potentialAction\":[{\"@type\":\"SearchAction\",\"target\":{\"@type\":\"EntryPoint\",\"urlTemplate\":\"https:\\\/\\\/aritual.fr\\\/?s={search_term_string}\"},\"query-input\":{\"@type\":\"PropertyValueSpecification\",\"valueRequired\":true,\"valueName\":\"search_term_string\"}}],\"inLanguage\":\"en-US\"},{\"@type\":\"Organization\",\"@id\":\"https:\\\/\\\/aritual.fr\\\/#organization\",\"name\":\"aritual.fr\",\"url\":\"https:\\\/\\\/aritual.fr\\\/\",\"logo\":{\"@type\":\"ImageObject\",\"inLanguage\":\"en-US\",\"@id\":\"https:\\\/\\\/aritual.fr\\\/#\\\/schema\\\/logo\\\/image\\\/\",\"url\":\"https:\\\/\\\/aritual.fr\\\/wp-content\\\/uploads\\\/2025\\\/08\\\/Logo.png\",\"contentUrl\":\"https:\\\/\\\/aritual.fr\\\/wp-content\\\/uploads\\\/2025\\\/08\\\/Logo.png\",\"width\":655,\"height\":655,\"caption\":\"aritual.fr\"},\"image\":{\"@id\":\"https:\\\/\\\/aritual.fr\\\/#\\\/schema\\\/logo\\\/image\\\/\"}}]}<\/script>\n<!-- \/ Yoast SEO plugin. -->","yoast_head_json":{"title":"Contact Aritual \u2013 Ateliers cr\u00e9atifs & bien-\u00eatre sur la C\u00f4te d\u2019Azur","description":"Contactez Aritual pour vivre une exp\u00e9rience d\u2019art et de relaxation sur la C\u00f4te d\u2019Azur ou \u00e0 Monaco. Reconnectez-vous \u00e0 vous-m\u00eame.","robots":{"index":"index","follow":"follow","max-snippet":"max-snippet:-1","max-image-preview":"max-image-preview:large","max-video-preview":"max-video-preview:-1"},"canonical":"https:\/\/aritual.fr\/en\/contacts\/","og_locale":"en_US","og_type":"article","og_title":"Contact Aritual \u2013 Ateliers cr\u00e9atifs & bien-\u00eatre sur la C\u00f4te d\u2019Azur","og_description":"Contactez Aritual pour vivre une exp\u00e9rience d\u2019art et de relaxation sur la C\u00f4te d\u2019Azur ou \u00e0 Monaco. Reconnectez-vous \u00e0 vous-m\u00eame.","og_url":"https:\/\/aritual.fr\/en\/contacts\/","og_site_name":"aritual.fr","article_modified_time":"2025-11-09T18:41:12+00:00","og_image":[{"url":"https:\/\/aritual.fr\/wp-content\/uploads\/2025\/08\/O.png","type":"","width":"","height":""}],"twitter_card":"summary_large_image","twitter_misc":{"Est. reading time":"1 minute"},"schema":{"@context":"https:\/\/schema.org","@graph":[{"@type":"WebPage","@id":"https:\/\/aritual.fr\/contacts\/","url":"https:\/\/aritual.fr\/contacts\/","name":"Contact Aritual \u2013 Ateliers cr\u00e9atifs & bien-\u00eatre sur la C\u00f4te d\u2019Azur","isPartOf":{"@id":"https:\/\/aritual.fr\/#website"},"primaryImageOfPage":{"@id":"https:\/\/aritual.fr\/contacts\/#primaryimage"},"image":{"@id":"https:\/\/aritual.fr\/contacts\/#primaryimage"},"thumbnailUrl":"https:\/\/aritual.fr\/wp-content\/uploads\/2025\/08\/O.png","datePublished":"2025-08-21T13:23:59+00:00","dateModified":"2025-11-09T18:41:12+00:00","description":"Contactez Aritual pour vivre une exp\u00e9rience d\u2019art et de relaxation sur la C\u00f4te d\u2019Azur ou \u00e0 Monaco. Reconnectez-vous \u00e0 vous-m\u00eame.","breadcrumb":{"@id":"https:\/\/aritual.fr\/contacts\/#breadcrumb"},"inLanguage":"en-US","potentialAction":[{"@type":"ReadAction","target":["https:\/\/aritual.fr\/contacts\/"]}]},{"@type":"ImageObject","inLanguage":"en-US","@id":"https:\/\/aritual.fr\/contacts\/#primaryimage","url":"https:\/\/aritual.fr\/wp-content\/uploads\/2025\/08\/O.png","contentUrl":"https:\/\/aritual.fr\/wp-content\/uploads\/2025\/08\/O.png"},{"@type":"BreadcrumbList","@id":"https:\/\/aritual.fr\/contacts\/#breadcrumb","itemListElement":[{"@type":"ListItem","position":1,"name":"Accueil","item":"https:\/\/aritual.fr\/"},{"@type":"ListItem","position":2,"name":"Contacts"}]},{"@type":"WebSite","@id":"https:\/\/aritual.fr\/#website","url":"https:\/\/aritual.fr\/","name":"aritual.fr","description":"","publisher":{"@id":"https:\/\/aritual.fr\/#organization"},"potentialAction":[{"@type":"SearchAction","target":{"@type":"EntryPoint","urlTemplate":"https:\/\/aritual.fr\/?s={search_term_string}"},"query-input":{"@type":"PropertyValueSpecification","valueRequired":true,"valueName":"search_term_string"}}],"inLanguage":"en-US"},{"@type":"Organization","@id":"https:\/\/aritual.fr\/#organization","name":"aritual.fr","url":"https:\/\/aritual.fr\/","logo":{"@type":"ImageObject","inLanguage":"en-US","@id":"https:\/\/aritual.fr\/#\/schema\/logo\/image\/","url":"https:\/\/aritual.fr\/wp-content\/uploads\/2025\/08\/Logo.png","contentUrl":"https:\/\/aritual.fr\/wp-content\/uploads\/2025\/08\/Logo.png","width":655,"height":655,"caption":"aritual.fr"},"image":{"@id":"https:\/\/aritual.fr\/#\/schema\/logo\/image\/"}}]}},"_links":{"self":[{"href":"https:\/\/aritual.fr\/en\/wp-json\/wp\/v2\/pages\/57","targetHints":{"allow":["GET"]}}],"collection":[{"href":"https:\/\/aritual.fr\/en\/wp-json\/wp\/v2\/pages"}],"about":[{"href":"https:\/\/aritual.fr\/en\/wp-json\/wp\/v2\/types\/page"}],"author":[{"embeddable":true,"href":"https:\/\/aritual.fr\/en\/wp-json\/wp\/v2\/users\/1"}],"replies":[{"embeddable":true,"href":"https:\/\/aritual.fr\/en\/wp-json\/wp\/v2\/comments?post=57"}],"version-history":[{"count":40,"href":"https:\/\/aritual.fr\/en\/wp-json\/wp\/v2\/pages\/57\/revisions"}],"predecessor-version":[{"id":1248,"href":"https:\/\/aritual.fr\/en\/wp-json\/wp\/v2\/pages\/57\/revisions\/1248"}],"wp:attachment":[{"href":"https:\/\/aritual.fr\/en\/wp-json\/wp\/v2\/media?parent=57"}],"curies":[{"name":"wp","href":"https:\/\/api.w.org\/{rel}","templated":true}]}}