{"id":72,"date":"2025-08-21T13:23:59","date_gmt":"2025-08-21T13:23:59","guid":{"rendered":"https:\/\/aritual.fr\/?page_id=72"},"modified":"2025-12-20T14:20:34","modified_gmt":"2025-12-20T14:20:34","slug":"carte-cadeau","status":"publish","type":"page","link":"https:\/\/aritual.fr\/en\/carte-cadeau\/","title":{"rendered":"GIFT CARD"},"content":{"rendered":"<div data-elementor-type=\"wp-page\" data-elementor-id=\"72\" class=\"elementor elementor-72\" data-elementor-post-type=\"page\">\n\t\t\t\t<div class=\"elementor-element elementor-element-c26e7bf e-flex e-con-boxed wpr-particle-no wpr-jarallax-no wpr-parallax-no wpr-sticky-section-no wpr-equal-height-no e-con e-parent\" data-id=\"c26e7bf\" data-element_type=\"container\" data-e-type=\"container\" data-settings=\"{&quot;background_background&quot;:&quot;classic&quot;}\">\n\t\t\t\t\t<div class=\"e-con-inner\">\n\t\t<div class=\"elementor-element elementor-element-d0f5626 e-con-full e-flex wpr-particle-no wpr-jarallax-no wpr-parallax-no wpr-sticky-section-no wpr-equal-height-no e-con e-child\" data-id=\"d0f5626\" data-element_type=\"container\" data-e-type=\"container\" data-settings=\"{&quot;background_background&quot;:&quot;classic&quot;}\">\n\t\t\t\t<div class=\"elementor-element elementor-element-9bd867f elementor-widget elementor-widget-spacer\" data-id=\"9bd867f\" data-element_type=\"widget\" data-e-type=\"widget\" data-widget_type=\"spacer.default\">\n\t\t\t\t\t\t\t<div class=\"elementor-spacer\">\n\t\t\t<div class=\"elementor-spacer-inner\"><\/div>\n\t\t<\/div>\n\t\t\t\t\t\t<\/div>\n\t\t\t\t<div class=\"elementor-element elementor-element-6c2ebc4 elementor-widget elementor-widget-heading\" data-id=\"6c2ebc4\" data-element_type=\"widget\" data-e-type=\"widget\" data-widget_type=\"heading.default\">\n\t\t\t\t\t<h2 class=\"elementor-heading-title elementor-size-default\">Gift the Aritual experience<\/h2>\t\t\t\t<\/div>\n\t\t\t\t<div class=\"elementor-element elementor-element-288263b elementor-widget elementor-widget-spacer\" data-id=\"288263b\" data-element_type=\"widget\" data-e-type=\"widget\" data-widget_type=\"spacer.default\">\n\t\t\t\t\t\t\t<div class=\"elementor-spacer\">\n\t\t\t<div class=\"elementor-spacer-inner\"><\/div>\n\t\t<\/div>\n\t\t\t\t\t\t<\/div>\n\t\t\t\t<\/div>\n\t\t\t\t\t<\/div>\n\t\t\t\t<\/div>\n\t\t<div class=\"elementor-element elementor-element-10b18cc e-flex e-con-boxed wpr-particle-no wpr-jarallax-no wpr-parallax-no wpr-sticky-section-no wpr-equal-height-no e-con e-parent\" data-id=\"10b18cc\" data-element_type=\"container\" data-e-type=\"container\" data-settings=\"{&quot;background_background&quot;:&quot;classic&quot;}\">\n\t\t\t\t\t<div class=\"e-con-inner\">\n\t\t<div class=\"elementor-element elementor-element-7aea9fd e-con-full e-flex wpr-particle-no wpr-jarallax-no wpr-parallax-no wpr-sticky-section-no wpr-equal-height-no e-con e-child\" data-id=\"7aea9fd\" data-element_type=\"container\" data-e-type=\"container\">\n\t\t\t\t<div class=\"elementor-element elementor-element-3e3ae6e elementor-widget elementor-widget-image\" data-id=\"3e3ae6e\" data-element_type=\"widget\" data-e-type=\"widget\" data-widget_type=\"image.default\">\n\t\t\t\t\t\t\t\t\t\t\t\t\t\t\t<img fetchpriority=\"high\" decoding=\"async\" width=\"800\" height=\"665\" src=\"https:\/\/aritual.fr\/wp-content\/uploads\/2025\/10\/Carte-cadeau-Aritual-New-1024x851.jpg\" class=\"attachment-large size-large wp-image-1261\" alt=\"Atelier cr\u00e9atif et bien-\u00eatre Aritual \u2013 Art, relaxation et reconnexion \u00e0 soi sur la C\u00f4te d\u2019Azur\" srcset=\"https:\/\/aritual.fr\/wp-content\/uploads\/2025\/10\/Carte-cadeau-Aritual-New-1024x851.jpg 1024w, https:\/\/aritual.fr\/wp-content\/uploads\/2025\/10\/Carte-cadeau-Aritual-New-300x249.jpg 300w, https:\/\/aritual.fr\/wp-content\/uploads\/2025\/10\/Carte-cadeau-Aritual-New-768x639.jpg 768w, https:\/\/aritual.fr\/wp-content\/uploads\/2025\/10\/Carte-cadeau-Aritual-New-1536x1277.jpg 1536w, https:\/\/aritual.fr\/wp-content\/uploads\/2025\/10\/Carte-cadeau-Aritual-New-2048x1703.jpg 2048w\" sizes=\"(max-width: 800px) 100vw, 800px\" \/>\t\t\t\t\t\t\t\t\t\t\t\t\t\t\t<\/div>\n\t\t\t\t<div class=\"elementor-element elementor-element-ade2d0d elementor-widget elementor-widget-text-editor\" data-id=\"ade2d0d\" data-element_type=\"widget\" data-e-type=\"widget\" data-widget_type=\"text-editor.default\">\n\t\t\t\t\t\t\t\t\t<p><strong>Gifting an Aritual gift card means offering a timeless moment where art and well-being meet.<\/strong>\u2028<\/p><p>Valable sur toutes nos sessions*, le b\u00e9n\u00e9ficiaire peut s\u00e9lectionner la session qui lui pla\u00eet, selon le calendrier Aritual.\u2028 Une exp\u00e9rience unique dans une ambiance relaxante et inspirante.<\/p><p>Formats disponibles\u00a0: carte num\u00e9rique envoy\u00e9e par e-mail, ou carte physique joliment emball\u00e9e.<\/p><p>\u00a0<\/p><p data-start=\"80\" data-end=\"139\"><strong>How to proceed?\u00a0<\/strong><\/p><p data-start=\"80\" data-end=\"139\"><strong data-start=\"80\" data-end=\"93\">Step 1:<\/strong> Simply fill out the online form.<\/p><p data-start=\"141\" data-end=\"286\"><strong data-start=\"141\" data-end=\"154\">Step 2:<\/strong> Vous recevrez ensuite un lien de paiement (paiement Carlo possible).<br data-start=\"223\" data-end=\"226\" \/><em data-start=\"226\" data-end=\"286\">Un petit d\u00e9lai de prise de contact est tout \u00e0 fait normal.<\/em><\/p><p data-start=\"288\" data-end=\"485\"><strong data-start=\"288\" data-end=\"301\">Step 3:<\/strong> Once the payment has been made, receive your lovely gift card in the format of your choice: <strong data-start=\"394\" data-end=\"406\">printed<\/strong> or <strong data-start=\"410\" data-end=\"423\">digital<\/strong>.<br data-start=\"424\" data-end=\"427\" \/><em data-start=\"427\" data-end=\"482\" data-is-only-node=\"\">Perfect according to your style\u2026 and your level of urgency!<\/em> \ud83d\ude0a<\/p><p>*sessions organized by Aritual at a price of \u20ac75 per session\u00a0<\/p>\t\t\t\t\t\t\t\t<\/div>\n\t\t\t\t<\/div>\n\t\t<div class=\"elementor-element elementor-element-3645e52 e-con-full e-flex wpr-particle-no wpr-jarallax-no wpr-parallax-no wpr-sticky-section-no wpr-equal-height-no e-con e-child\" data-id=\"3645e52\" data-element_type=\"container\" data-e-type=\"container\">\n\t\t\t\t<div class=\"elementor-element elementor-element-712fe6d elementor-button-align-stretch elementor-widget elementor-widget-form\" data-id=\"712fe6d\" data-element_type=\"widget\" data-e-type=\"widget\" data-settings=\"{&quot;step_next_label&quot;:&quot;Suivant&quot;,&quot;step_previous_label&quot;:&quot;Pr\\u00e9c\\u00e9dent&quot;,&quot;button_width&quot;:&quot;100&quot;,&quot;step_type&quot;:&quot;number_text&quot;,&quot;step_icon_shape&quot;:&quot;circle&quot;}\" data-widget_type=\"form.default\">\n\t\t\t\t\t\t\t<form class=\"elementor-form\" method=\"post\" name=\"Nouveau formulaire\" aria-label=\"Nouveau formulaire\" action=\"\">\n\t\t\t<input type=\"hidden\" name=\"post_id\" value=\"72\"\/>\n\t\t\t<input type=\"hidden\" name=\"form_id\" value=\"712fe6d\"\/>\n\t\t\t<input type=\"hidden\" name=\"referer_title\" value=\"Carte cadeau Aritual \u2013 Offrez une exp\u00e9rience bien-\u00eatre &amp; cr\u00e9ativit\u00e9\" \/>\n\n\t\t\t\t\t\t\t<input type=\"hidden\" name=\"queried_id\" value=\"72\"\/>\n\t\t\t\n\t\t\t<div class=\"elementor-form-fields-wrapper elementor-labels-above\">\n\t\t\t\t\t\t\t\t<div class=\"elementor-field-type-text elementor-field-group elementor-column elementor-field-group-name elementor-col-100 elementor-field-required\">\n\t\t\t\t\t\t\t\t\t\t\t\t<label for=\"form-field-name\" class=\"elementor-field-label\">\n\t\t\t\t\t\t\t\tSender\u2019s Name (first &amp; last)\t\t\t\t\t\t\t<\/label>\n\t\t\t\t\t\t\t\t\t\t\t\t\t\t<input size=\"1\" type=\"text\" name=\"form_fields[name]\" id=\"form-field-name\" class=\"elementor-field elementor-size-sm  elementor-field-textual\" placeholder=\"Value\" required=\"required\">\n\t\t\t\t\t\t\t\t\t\t\t<\/div>\n\t\t\t\t\t\t\t\t<div class=\"elementor-field-type-email elementor-field-group elementor-column elementor-field-group-field_4b26f7d elementor-col-100 elementor-field-required\">\n\t\t\t\t\t\t\t\t\t\t\t\t<label for=\"form-field-field_4b26f7d\" class=\"elementor-field-label\">\n\t\t\t\t\t\t\t\tSender\u2019s email address\t\t\t\t\t\t\t<\/label>\n\t\t\t\t\t\t\t\t\t\t\t\t\t\t<input size=\"1\" type=\"email\" name=\"form_fields[field_4b26f7d]\" id=\"form-field-field_4b26f7d\" class=\"elementor-field elementor-size-sm  elementor-field-textual\" placeholder=\"Value\" required=\"required\">\n\t\t\t\t\t\t\t\t\t\t\t<\/div>\n\t\t\t\t\t\t\t\t<div class=\"elementor-field-type-text elementor-field-group elementor-column elementor-field-group-field_5b2b5bb elementor-col-100 elementor-field-required\">\n\t\t\t\t\t\t\t\t\t\t\t\t<label for=\"form-field-field_5b2b5bb\" class=\"elementor-field-label\">\n\t\t\t\t\t\t\t\tRecipient\u2019s Name (first &amp; last)\t\t\t\t\t\t\t<\/label>\n\t\t\t\t\t\t\t\t\t\t\t\t\t\t<input size=\"1\" type=\"text\" name=\"form_fields[field_5b2b5bb]\" id=\"form-field-field_5b2b5bb\" class=\"elementor-field elementor-size-sm  elementor-field-textual\" placeholder=\"Value\" required=\"required\">\n\t\t\t\t\t\t\t\t\t\t\t<\/div>\n\t\t\t\t\t\t\t\t<div class=\"elementor-field-type-email elementor-field-group elementor-column elementor-field-group-field_3171f24 elementor-col-100\">\n\t\t\t\t\t\t\t\t\t\t\t\t<label for=\"form-field-field_3171f24\" class=\"elementor-field-label\">\n\t\t\t\t\t\t\t\tRecipient\u2019s email address (for digital delivery)\t\t\t\t\t\t\t<\/label>\n\t\t\t\t\t\t\t\t\t\t\t\t\t\t<input size=\"1\" type=\"email\" name=\"form_fields[field_3171f24]\" id=\"form-field-field_3171f24\" class=\"elementor-field elementor-size-sm  elementor-field-textual\" placeholder=\"Value\">\n\t\t\t\t\t\t\t\t\t\t\t<\/div>\n\t\t\t\t\t\t\t\t<div class=\"elementor-field-type-text elementor-field-group elementor-column elementor-field-group-field_17bc599 elementor-col-100\">\n\t\t\t\t\t\t\t\t\t\t\t\t<label for=\"form-field-field_17bc599\" class=\"elementor-field-label\">\n\t\t\t\t\t\t\t\tRecipient\u2019s postal address (for printed version)\t\t\t\t\t\t\t<\/label>\n\t\t\t\t\t\t\t\t\t\t\t\t\t\t<input size=\"1\" type=\"text\" name=\"form_fields[field_17bc599]\" id=\"form-field-field_17bc599\" class=\"elementor-field elementor-size-sm  elementor-field-textual\" placeholder=\"Value\">\n\t\t\t\t\t\t\t\t\t\t\t<\/div>\n\t\t\t\t\t\t\t\t<div class=\"elementor-field-type-textarea elementor-field-group elementor-column elementor-field-group-field_b27ad03 elementor-col-100 elementor-field-required\">\n\t\t\t\t\t\t\t\t\t\t\t\t<label for=\"form-field-field_b27ad03\" class=\"elementor-field-label\">\n\t\t\t\t\t\t\t\tPersonalized message to appear on the card\t\t\t\t\t\t\t<\/label>\n\t\t\t\t\t\t<textarea class=\"elementor-field-textual elementor-field  elementor-size-sm\" name=\"form_fields[field_b27ad03]\" id=\"form-field-field_b27ad03\" rows=\"4\" required=\"required\"><\/textarea>\t\t\t\t<\/div>\n\t\t\t\t\t\t\t\t<div class=\"elementor-field-type-checkbox elementor-field-group elementor-column elementor-field-group-field_497455d elementor-col-100\">\n\t\t\t\t\t\t\t\t\t\t\t\t<label for=\"form-field-field_497455d\" class=\"elementor-field-label\">\n\t\t\t\t\t\t\t\tSelected experience \t\t\t\t\t\t\t<\/label>\n\t\t\t\t\t\t<div class=\"elementor-field-subgroup\"><span class=\"elementor-field-option\"><input type=\"checkbox\" value=\"1 session - 75 \u20ac\" id=\"form-field-field_497455d-0\" name=\"form_fields[field_497455d][]\"> <label for=\"form-field-field_497455d-0\">1 session - 75 \u20ac<\/label><\/span><span class=\"elementor-field-option\"><input type=\"checkbox\" value=\"3 sessions - 199 \u20ac\" id=\"form-field-field_497455d-1\" name=\"form_fields[field_497455d][]\"> <label for=\"form-field-field_497455d-1\">3 sessions - 199 \u20ac<\/label><\/span><span class=\"elementor-field-option\"><input type=\"checkbox\" value=\"5 sessions - 325 \u20ac\" id=\"form-field-field_497455d-2\" name=\"form_fields[field_497455d][]\"> <label for=\"form-field-field_497455d-2\">5 sessions - 325 \u20ac<\/label><\/span><\/div>\t\t\t\t<\/div>\n\t\t\t\t\t\t\t\t<div class=\"elementor-field-type-checkbox elementor-field-group elementor-column elementor-field-group-field_4acbd5f elementor-col-100\">\n\t\t\t\t\t\t\t\t\t\t\t\t<label for=\"form-field-field_4acbd5f\" class=\"elementor-field-label\">\n\t\t\t\t\t\t\t\tDelivery method\t\t\t\t\t\t\t<\/label>\n\t\t\t\t\t\t<div class=\"elementor-field-subgroup\"><span class=\"elementor-field-option\"><input type=\"checkbox\" value=\"Papier \/ postal \u2028(frais d\u2019envoi 2\u20ac ou \u00e0 venir r\u00e9cup\u00e9rer gratuitement) \" id=\"form-field-field_4acbd5f-0\" name=\"form_fields[field_4acbd5f][]\"> <label for=\"form-field-field_4acbd5f-0\">Paper \/ postal (\u20ac2 shipping fee or pick up for free) <\/label><\/span><span class=\"elementor-field-option\"><input type=\"checkbox\" value=\"Digital \/ mail\" id=\"form-field-field_4acbd5f-1\" name=\"form_fields[field_4acbd5f][]\"> <label for=\"form-field-field_4acbd5f-1\">Digital \/ mail<\/label><\/span><\/div>\t\t\t\t<\/div>\n\t\t\t\t\t\t\t\t<div class=\"elementor-field-group elementor-column elementor-field-type-submit elementor-col-100 e-form__buttons\">\n\t\t\t\t\t<button class=\"elementor-button elementor-size-sm\" type=\"submit\">\n\t\t\t\t\t\t<span class=\"elementor-button-content-wrapper\">\n\t\t\t\t\t\t\t\t\t\t\t\t\t\t\t\t\t\t\t\t\t\t<span class=\"elementor-button-text\">Send<\/span>\n\t\t\t\t\t\t\t\t\t\t\t\t\t<\/span>\n\t\t\t\t\t<\/button>\n\t\t\t\t<\/div>\n\t\t\t<\/div>\n\t\t<input type=\"hidden\" name=\"trp-form-language\" value=\"en\"\/><\/form>\n\t\t\t\t\t\t<\/div>\n\t\t\t\t<\/div>\n\t\t\t\t\t<\/div>\n\t\t\t\t<\/div>\n\t\t<div class=\"elementor-element elementor-element-544edd1 e-flex e-con-boxed wpr-particle-no wpr-jarallax-no wpr-parallax-no wpr-sticky-section-no wpr-equal-height-no e-con e-parent\" data-id=\"544edd1\" data-element_type=\"container\" data-e-type=\"container\" data-settings=\"{&quot;background_background&quot;:&quot;classic&quot;}\">\n\t\t\t\t\t<div class=\"e-con-inner\">\n\t\t\t\t<div class=\"elementor-element elementor-element-5913829 elementor-widget elementor-widget-spacer\" data-id=\"5913829\" data-element_type=\"widget\" data-e-type=\"widget\" data-widget_type=\"spacer.default\">\n\t\t\t\t\t\t\t<div class=\"elementor-spacer\">\n\t\t\t<div class=\"elementor-spacer-inner\"><\/div>\n\t\t<\/div>\n\t\t\t\t\t\t<\/div>\n\t\t\t\t\t<\/div>\n\t\t\t\t<\/div>\n\t\t\t\t<\/div>","protected":false},"excerpt":{"rendered":"<p>offrez l\u2019exp\u00e9rience aritual Offrir une carte cadeau Aritual, c\u2019est offrir un moment hors du temps, entre art et bien-\u00eatre.\u2028 Valable sur toutes nos sessions*, le b\u00e9n\u00e9ficiaire peut s\u00e9lectionner la session qui lui pla\u00eet, selon le calendrier Aritual.\u2028 Une exp\u00e9rience unique dans une ambiance relaxante et inspirante. Formats disponibles\u00a0: carte num\u00e9rique envoy\u00e9e par e-mail, ou carte physique joliment emball\u00e9e. \u00a0 Comment proc\u00e9der?\u00a0 \u00c9tape 1 : Remplissez simplement le formulaire en ligne. \u00c9tape 2 : Vous recevrez ensuite un lien de paiement (paiement Carlo possible).Un petit d\u00e9lai de prise de contact est tout \u00e0 fait normal. \u00c9tape 3 : Une fois le r\u00e8glement effectu\u00e9, recevez votre jolie carte cadeau au format de votre choix : imprim\u00e9e ou num\u00e9rique.Parfait selon votre style\u2026 et votre degr\u00e9 d\u2019urgence ! \ud83d\ude0a *sessions organis\u00e9es par Aritual au prix de 75\u20ac\/session\u00a0<\/p>","protected":false},"author":1,"featured_media":1261,"parent":0,"menu_order":0,"comment_status":"closed","ping_status":"closed","template":"elementor_header_footer","meta":{"footnotes":""},"class_list":["post-72","page","type-page","status-publish","has-post-thumbnail","hentry"],"yoast_head":"<!-- This site is optimized with the Yoast SEO plugin v27.4 - https:\/\/yoast.com\/product\/yoast-seo-wordpress\/ -->\n<title>Carte cadeau Aritual \u2013 Offrez une exp\u00e9rience bien-\u00eatre &amp; cr\u00e9ativit\u00e9<\/title>\n<meta name=\"description\" content=\"Offrez une exp\u00e9rience artistique et bien-\u00eatre unique avec la carte cadeau Aritual, entre art, relaxation et \u00e9motions.\" \/>\n<meta name=\"robots\" content=\"index, follow, max-snippet:-1, max-image-preview:large, max-video-preview:-1\" \/>\n<link rel=\"canonical\" href=\"https:\/\/aritual.fr\/en\/carte-cadeau\/\" \/>\n<meta property=\"og:locale\" content=\"en_US\" \/>\n<meta property=\"og:type\" content=\"article\" \/>\n<meta property=\"og:title\" content=\"Carte cadeau Aritual \u2013 Offrez une exp\u00e9rience bien-\u00eatre &amp; cr\u00e9ativit\u00e9\" \/>\n<meta property=\"og:description\" content=\"Offrez une exp\u00e9rience artistique et bien-\u00eatre unique avec la carte cadeau Aritual, entre art, relaxation et \u00e9motions.\" \/>\n<meta property=\"og:url\" content=\"https:\/\/aritual.fr\/en\/carte-cadeau\/\" \/>\n<meta property=\"og:site_name\" content=\"aritual.fr\" \/>\n<meta property=\"article:modified_time\" content=\"2025-12-20T14:20:34+00:00\" \/>\n<meta property=\"og:image\" content=\"https:\/\/aritual.fr\/wp-content\/uploads\/2025\/10\/Carte-cadeau-Aritual-New-scaled.jpg\" \/>\n\t<meta property=\"og:image:width\" content=\"2560\" \/>\n\t<meta property=\"og:image:height\" content=\"2129\" \/>\n\t<meta property=\"og:image:type\" content=\"image\/jpeg\" \/>\n<meta name=\"twitter:card\" content=\"summary_large_image\" \/>\n<meta name=\"twitter:label1\" content=\"Est. reading time\" \/>\n\t<meta name=\"twitter:data1\" content=\"1 minute\" \/>\n<script type=\"application\/ld+json\" class=\"yoast-schema-graph\">{\"@context\":\"https:\\\/\\\/schema.org\",\"@graph\":[{\"@type\":\"WebPage\",\"@id\":\"https:\\\/\\\/aritual.fr\\\/carte-cadeau\\\/\",\"url\":\"https:\\\/\\\/aritual.fr\\\/carte-cadeau\\\/\",\"name\":\"Carte cadeau Aritual \u2013 Offrez une exp\u00e9rience bien-\u00eatre & cr\u00e9ativit\u00e9\",\"isPartOf\":{\"@id\":\"https:\\\/\\\/aritual.fr\\\/#website\"},\"primaryImageOfPage\":{\"@id\":\"https:\\\/\\\/aritual.fr\\\/carte-cadeau\\\/#primaryimage\"},\"image\":{\"@id\":\"https:\\\/\\\/aritual.fr\\\/carte-cadeau\\\/#primaryimage\"},\"thumbnailUrl\":\"https:\\\/\\\/aritual.fr\\\/wp-content\\\/uploads\\\/2025\\\/10\\\/Carte-cadeau-Aritual-New-scaled.jpg\",\"datePublished\":\"2025-08-21T13:23:59+00:00\",\"dateModified\":\"2025-12-20T14:20:34+00:00\",\"description\":\"Offrez une exp\u00e9rience artistique et bien-\u00eatre unique avec la carte cadeau Aritual, entre art, relaxation et \u00e9motions.\",\"breadcrumb\":{\"@id\":\"https:\\\/\\\/aritual.fr\\\/carte-cadeau\\\/#breadcrumb\"},\"inLanguage\":\"en-US\",\"potentialAction\":[{\"@type\":\"ReadAction\",\"target\":[\"https:\\\/\\\/aritual.fr\\\/carte-cadeau\\\/\"]}]},{\"@type\":\"ImageObject\",\"inLanguage\":\"en-US\",\"@id\":\"https:\\\/\\\/aritual.fr\\\/carte-cadeau\\\/#primaryimage\",\"url\":\"https:\\\/\\\/aritual.fr\\\/wp-content\\\/uploads\\\/2025\\\/10\\\/Carte-cadeau-Aritual-New-scaled.jpg\",\"contentUrl\":\"https:\\\/\\\/aritual.fr\\\/wp-content\\\/uploads\\\/2025\\\/10\\\/Carte-cadeau-Aritual-New-scaled.jpg\",\"width\":2560,\"height\":2129,\"caption\":\"Atelier cr\u00e9atif et bien-\u00eatre Aritual \u2013 Art, relaxation et reconnexion \u00e0 soi sur la C\u00f4te d\u2019Azur\"},{\"@type\":\"BreadcrumbList\",\"@id\":\"https:\\\/\\\/aritual.fr\\\/carte-cadeau\\\/#breadcrumb\",\"itemListElement\":[{\"@type\":\"ListItem\",\"position\":1,\"name\":\"Accueil\",\"item\":\"https:\\\/\\\/aritual.fr\\\/\"},{\"@type\":\"ListItem\",\"position\":2,\"name\":\"Carte Cadeau\"}]},{\"@type\":\"WebSite\",\"@id\":\"https:\\\/\\\/aritual.fr\\\/#website\",\"url\":\"https:\\\/\\\/aritual.fr\\\/\",\"name\":\"aritual.fr\",\"description\":\"\",\"publisher\":{\"@id\":\"https:\\\/\\\/aritual.fr\\\/#organization\"},\"potentialAction\":[{\"@type\":\"SearchAction\",\"target\":{\"@type\":\"EntryPoint\",\"urlTemplate\":\"https:\\\/\\\/aritual.fr\\\/?s={search_term_string}\"},\"query-input\":{\"@type\":\"PropertyValueSpecification\",\"valueRequired\":true,\"valueName\":\"search_term_string\"}}],\"inLanguage\":\"en-US\"},{\"@type\":\"Organization\",\"@id\":\"https:\\\/\\\/aritual.fr\\\/#organization\",\"name\":\"aritual.fr\",\"url\":\"https:\\\/\\\/aritual.fr\\\/\",\"logo\":{\"@type\":\"ImageObject\",\"inLanguage\":\"en-US\",\"@id\":\"https:\\\/\\\/aritual.fr\\\/#\\\/schema\\\/logo\\\/image\\\/\",\"url\":\"https:\\\/\\\/aritual.fr\\\/wp-content\\\/uploads\\\/2025\\\/08\\\/Logo.png\",\"contentUrl\":\"https:\\\/\\\/aritual.fr\\\/wp-content\\\/uploads\\\/2025\\\/08\\\/Logo.png\",\"width\":655,\"height\":655,\"caption\":\"aritual.fr\"},\"image\":{\"@id\":\"https:\\\/\\\/aritual.fr\\\/#\\\/schema\\\/logo\\\/image\\\/\"}}]}<\/script>\n<!-- \/ Yoast SEO plugin. -->","yoast_head_json":{"title":"Carte cadeau Aritual \u2013 Offrez une exp\u00e9rience bien-\u00eatre & cr\u00e9ativit\u00e9","description":"Offrez une exp\u00e9rience artistique et bien-\u00eatre unique avec la carte cadeau Aritual, entre art, relaxation et \u00e9motions.","robots":{"index":"index","follow":"follow","max-snippet":"max-snippet:-1","max-image-preview":"max-image-preview:large","max-video-preview":"max-video-preview:-1"},"canonical":"https:\/\/aritual.fr\/en\/carte-cadeau\/","og_locale":"en_US","og_type":"article","og_title":"Carte cadeau Aritual \u2013 Offrez une exp\u00e9rience bien-\u00eatre & cr\u00e9ativit\u00e9","og_description":"Offrez une exp\u00e9rience artistique et bien-\u00eatre unique avec la carte cadeau Aritual, entre art, relaxation et \u00e9motions.","og_url":"https:\/\/aritual.fr\/en\/carte-cadeau\/","og_site_name":"aritual.fr","article_modified_time":"2025-12-20T14:20:34+00:00","og_image":[{"width":2560,"height":2129,"url":"https:\/\/aritual.fr\/wp-content\/uploads\/2025\/10\/Carte-cadeau-Aritual-New-scaled.jpg","type":"image\/jpeg"}],"twitter_card":"summary_large_image","twitter_misc":{"Est. reading time":"1 minute"},"schema":{"@context":"https:\/\/schema.org","@graph":[{"@type":"WebPage","@id":"https:\/\/aritual.fr\/carte-cadeau\/","url":"https:\/\/aritual.fr\/carte-cadeau\/","name":"Carte cadeau Aritual \u2013 Offrez une exp\u00e9rience bien-\u00eatre & cr\u00e9ativit\u00e9","isPartOf":{"@id":"https:\/\/aritual.fr\/#website"},"primaryImageOfPage":{"@id":"https:\/\/aritual.fr\/carte-cadeau\/#primaryimage"},"image":{"@id":"https:\/\/aritual.fr\/carte-cadeau\/#primaryimage"},"thumbnailUrl":"https:\/\/aritual.fr\/wp-content\/uploads\/2025\/10\/Carte-cadeau-Aritual-New-scaled.jpg","datePublished":"2025-08-21T13:23:59+00:00","dateModified":"2025-12-20T14:20:34+00:00","description":"Offrez une exp\u00e9rience artistique et bien-\u00eatre unique avec la carte cadeau Aritual, entre art, relaxation et \u00e9motions.","breadcrumb":{"@id":"https:\/\/aritual.fr\/carte-cadeau\/#breadcrumb"},"inLanguage":"en-US","potentialAction":[{"@type":"ReadAction","target":["https:\/\/aritual.fr\/carte-cadeau\/"]}]},{"@type":"ImageObject","inLanguage":"en-US","@id":"https:\/\/aritual.fr\/carte-cadeau\/#primaryimage","url":"https:\/\/aritual.fr\/wp-content\/uploads\/2025\/10\/Carte-cadeau-Aritual-New-scaled.jpg","contentUrl":"https:\/\/aritual.fr\/wp-content\/uploads\/2025\/10\/Carte-cadeau-Aritual-New-scaled.jpg","width":2560,"height":2129,"caption":"Atelier cr\u00e9atif et bien-\u00eatre Aritual \u2013 Art, relaxation et reconnexion \u00e0 soi sur la C\u00f4te d\u2019Azur"},{"@type":"BreadcrumbList","@id":"https:\/\/aritual.fr\/carte-cadeau\/#breadcrumb","itemListElement":[{"@type":"ListItem","position":1,"name":"Accueil","item":"https:\/\/aritual.fr\/"},{"@type":"ListItem","position":2,"name":"Carte Cadeau"}]},{"@type":"WebSite","@id":"https:\/\/aritual.fr\/#website","url":"https:\/\/aritual.fr\/","name":"aritual.fr","description":"","publisher":{"@id":"https:\/\/aritual.fr\/#organization"},"potentialAction":[{"@type":"SearchAction","target":{"@type":"EntryPoint","urlTemplate":"https:\/\/aritual.fr\/?s={search_term_string}"},"query-input":{"@type":"PropertyValueSpecification","valueRequired":true,"valueName":"search_term_string"}}],"inLanguage":"en-US"},{"@type":"Organization","@id":"https:\/\/aritual.fr\/#organization","name":"aritual.fr","url":"https:\/\/aritual.fr\/","logo":{"@type":"ImageObject","inLanguage":"en-US","@id":"https:\/\/aritual.fr\/#\/schema\/logo\/image\/","url":"https:\/\/aritual.fr\/wp-content\/uploads\/2025\/08\/Logo.png","contentUrl":"https:\/\/aritual.fr\/wp-content\/uploads\/2025\/08\/Logo.png","width":655,"height":655,"caption":"aritual.fr"},"image":{"@id":"https:\/\/aritual.fr\/#\/schema\/logo\/image\/"}}]}},"_links":{"self":[{"href":"https:\/\/aritual.fr\/en\/wp-json\/wp\/v2\/pages\/72","targetHints":{"allow":["GET"]}}],"collection":[{"href":"https:\/\/aritual.fr\/en\/wp-json\/wp\/v2\/pages"}],"about":[{"href":"https:\/\/aritual.fr\/en\/wp-json\/wp\/v2\/types\/page"}],"author":[{"embeddable":true,"href":"https:\/\/aritual.fr\/en\/wp-json\/wp\/v2\/users\/1"}],"replies":[{"embeddable":true,"href":"https:\/\/aritual.fr\/en\/wp-json\/wp\/v2\/comments?post=72"}],"version-history":[{"count":46,"href":"https:\/\/aritual.fr\/en\/wp-json\/wp\/v2\/pages\/72\/revisions"}],"predecessor-version":[{"id":1777,"href":"https:\/\/aritual.fr\/en\/wp-json\/wp\/v2\/pages\/72\/revisions\/1777"}],"wp:featuredmedia":[{"embeddable":true,"href":"https:\/\/aritual.fr\/en\/wp-json\/wp\/v2\/media\/1261"}],"wp:attachment":[{"href":"https:\/\/aritual.fr\/en\/wp-json\/wp\/v2\/media?parent=72"}],"curies":[{"name":"wp","href":"https:\/\/api.w.org\/{rel}","templated":true}]}}